{"id":5600,"date":"2025-07-30T10:00:42","date_gmt":"2025-07-30T10:00:42","guid":{"rendered":"https:\/\/frank-brushes.com\/produkt\/506-chic-clean-midi\/"},"modified":"2025-07-30T10:00:42","modified_gmt":"2025-07-30T10:00:42","slug":"506-chic-clean-midi","status":"publish","type":"product","link":"https:\/\/frank-brushes.com\/en\/produkt\/506-chic-clean-midi\/","title":{"rendered":"#506 Chic &amp; Clean Midi"},"content":{"rendered":"<p><b>Travel clothes brush<\/b><\/p><p><strong>Shape:<\/strong> Wooden body<\/p><p><strong>Size: <\/strong> 120 x 39 mm<\/p>\n","protected":false},"excerpt":{"rendered":"<p>Travel Clothes Brush<\/p>\n","protected":false},"featured_media":4072,"template":"","meta":{"_acf_changed":false,"site-sidebar-layout":"default","site-content-layout":"","ast-site-content-layout":"default","site-content-style":"default","site-sidebar-style":"default","ast-global-header-display":"","ast-banner-title-visibility":"","ast-main-header-display":"","ast-hfb-above-header-display":"","ast-hfb-below-header-display":"","ast-hfb-mobile-header-display":"","site-post-title":"","ast-breadcrumbs-content":"","ast-featured-img":"","footer-sml-layout":"","ast-disable-related-posts":"","theme-transparent-header-meta":"default","adv-header-id-meta":"","stick-header-meta":"","header-above-stick-meta":"","header-main-stick-meta":"","header-below-stick-meta":"","astra-migrate-meta-layouts":"default","ast-page-background-enabled":"default","ast-page-background-meta":{"desktop":{"background-color":"var(--ast-global-color-5)","background-image":"","background-repeat":"repeat","background-position":"center center","background-size":"auto","background-attachment":"scroll","background-type":"","background-media":"","overlay-type":"","overlay-color":"","overlay-opacity":"","overlay-gradient":""},"tablet":{"background-color":"","background-image":"","background-repeat":"repeat","background-position":"center center","background-size":"auto","background-attachment":"scroll","background-type":"","background-media":"","overlay-type":"","overlay-color":"","overlay-opacity":"","overlay-gradient":""},"mobile":{"background-color":"","background-image":"","background-repeat":"repeat","background-position":"center center","background-size":"auto","background-attachment":"scroll","background-type":"","background-media":"","overlay-type":"","overlay-color":"","overlay-opacity":"","overlay-gradient":""}},"ast-content-background-meta":{"desktop":{"background-color":"var(--ast-global-color-4)","background-image":"","background-repeat":"repeat","background-position":"center center","background-size":"auto","background-attachment":"scroll","background-type":"","background-media":"","overlay-type":"","overlay-color":"","overlay-opacity":"","overlay-gradient":""},"tablet":{"background-color":"var(--ast-global-color-4)","background-image":"","background-repeat":"repeat","background-position":"center center","background-size":"auto","background-attachment":"scroll","background-type":"","background-media":"","overlay-type":"","overlay-color":"","overlay-opacity":"","overlay-gradient":""},"mobile":{"background-color":"var(--ast-global-color-4)","background-image":"","background-repeat":"repeat","background-position":"center center","background-size":"auto","background-attachment":"scroll","background-type":"","background-media":"","overlay-type":"","overlay-color":"","overlay-opacity":"","overlay-gradient":""}}},"product_brand":[],"product_cat":[427],"product_tag":[920,908,395,891,919,918],"class_list":{"0":"post-5600","1":"product","2":"type-product","3":"status-publish","4":"has-post-thumbnail","6":"product_cat-clothes-brush","7":"product_tag-chic-clean-midi-en","8":"product_tag-clothes-brush","9":"product_tag-promotional-brush","10":"product_tag-synthetic-bristle-black","11":"product_tag-synthetic-bristles-white","12":"product_tag-travel-clothes-brush","13":"desktop-align-left","14":"tablet-align-left","15":"mobile-align-left","17":"first","18":"instock","19":"shipping-taxable","20":"product-type-simple"},"acf":[],"yoast_head":"<!-- This site is optimized with the Yoast SEO plugin v27.4 - https:\/\/yoast.com\/product\/yoast-seo-wordpress\/ -->\n<title>Travel Clothes Brush - Chic &amp; Clean Midi L Frank B\u00fcrsten<\/title>\n<meta name=\"description\" content=\"Chic &amp; Clean Midi is a travel clothes brush with black and white synthetic bristles. It is ideal as an advertising brush. Watch now!\" \/>\n<meta name=\"robots\" content=\"index, follow, max-snippet:-1, max-image-preview:large, max-video-preview:-1\" \/>\n<link rel=\"canonical\" href=\"https:\/\/frank-brushes.com\/en\/produkt\/506-chic-clean-midi\/\" \/>\n<meta property=\"og:locale\" content=\"en_US\" \/>\n<meta property=\"og:type\" content=\"article\" \/>\n<meta property=\"og:title\" content=\"Travel Clothes Brush - Chic &amp; Clean Midi L Frank B\u00fcrsten\" \/>\n<meta property=\"og:description\" content=\"Chic &amp; Clean Midi is a travel clothes brush with black and white synthetic bristles. It is ideal as an advertising brush. Watch now!\" \/>\n<meta property=\"og:url\" content=\"https:\/\/frank-brushes.com\/en\/produkt\/506-chic-clean-midi\/\" \/>\n<meta property=\"og:site_name\" content=\"Frank B&uuml;rsten - shoe care brushes from Germany\" \/>\n<meta property=\"og:image\" content=\"https:\/\/frank-brushes.com\/wp-content\/uploads\/2025\/07\/5061-2.jpg\" \/>\n\t<meta property=\"og:image:width\" content=\"649\" \/>\n\t<meta property=\"og:image:height\" content=\"720\" \/>\n\t<meta property=\"og:image:type\" content=\"image\/jpeg\" \/>\n<meta name=\"twitter:card\" content=\"summary_large_image\" \/>\n<script type=\"application\/ld+json\" class=\"yoast-schema-graph\">{\"@context\":\"https:\\\/\\\/schema.org\",\"@graph\":[{\"@type\":\"WebPage\",\"@id\":\"https:\\\/\\\/frank-brushes.com\\\/en\\\/produkt\\\/506-chic-clean-midi\\\/\",\"url\":\"https:\\\/\\\/frank-brushes.com\\\/en\\\/produkt\\\/506-chic-clean-midi\\\/\",\"name\":\"Travel Clothes Brush - Chic & Clean Midi L Frank B\u00fcrsten\",\"isPartOf\":{\"@id\":\"https:\\\/\\\/frank-brushes.com\\\/en\\\/#website\"},\"primaryImageOfPage\":{\"@id\":\"https:\\\/\\\/frank-brushes.com\\\/en\\\/produkt\\\/506-chic-clean-midi\\\/#primaryimage\"},\"image\":{\"@id\":\"https:\\\/\\\/frank-brushes.com\\\/en\\\/produkt\\\/506-chic-clean-midi\\\/#primaryimage\"},\"thumbnailUrl\":\"https:\\\/\\\/frank-brushes.com\\\/wp-content\\\/uploads\\\/2025\\\/07\\\/5061-2.jpg\",\"datePublished\":\"2025-07-30T10:00:42+00:00\",\"description\":\"Chic & Clean Midi is a travel clothes brush with black and white synthetic bristles. It is ideal as an advertising brush. Watch now!\",\"breadcrumb\":{\"@id\":\"https:\\\/\\\/frank-brushes.com\\\/en\\\/produkt\\\/506-chic-clean-midi\\\/#breadcrumb\"},\"inLanguage\":\"en-US\",\"potentialAction\":[{\"@type\":\"ReadAction\",\"target\":[\"https:\\\/\\\/frank-brushes.com\\\/en\\\/produkt\\\/506-chic-clean-midi\\\/\"]}]},{\"@type\":\"ImageObject\",\"inLanguage\":\"en-US\",\"@id\":\"https:\\\/\\\/frank-brushes.com\\\/en\\\/produkt\\\/506-chic-clean-midi\\\/#primaryimage\",\"url\":\"https:\\\/\\\/frank-brushes.com\\\/wp-content\\\/uploads\\\/2025\\\/07\\\/5061-2.jpg\",\"contentUrl\":\"https:\\\/\\\/frank-brushes.com\\\/wp-content\\\/uploads\\\/2025\\\/07\\\/5061-2.jpg\",\"width\":649,\"height\":720,\"caption\":\"Reisekleiderb\u00fcrste mit farblos lackiertem Holzk\u00f6rper und schwarz-wei\u00dfer synthetischer Borste\"},{\"@type\":\"BreadcrumbList\",\"@id\":\"https:\\\/\\\/frank-brushes.com\\\/en\\\/produkt\\\/506-chic-clean-midi\\\/#breadcrumb\",\"itemListElement\":[{\"@type\":\"ListItem\",\"position\":1,\"name\":\"Startseite\",\"item\":\"https:\\\/\\\/frank-brushes.com\\\/en\\\/\"},{\"@type\":\"ListItem\",\"position\":2,\"name\":\"Products\",\"item\":\"https:\\\/\\\/frank-brushes.com\\\/en\\\/wp-global-styles-extendable-8\\\/\"},{\"@type\":\"ListItem\",\"position\":3,\"name\":\"#506 Chic &amp; Clean Midi\"}]},{\"@type\":\"WebSite\",\"@id\":\"https:\\\/\\\/frank-brushes.com\\\/en\\\/#website\",\"url\":\"https:\\\/\\\/frank-brushes.com\\\/en\\\/\",\"name\":\"Frank B\u00fcrsten - shoe care brushes\",\"description\":\"Brush up your life!\",\"publisher\":{\"@id\":\"https:\\\/\\\/frank-brushes.com\\\/en\\\/#organization\"},\"potentialAction\":[{\"@type\":\"SearchAction\",\"target\":{\"@type\":\"EntryPoint\",\"urlTemplate\":\"https:\\\/\\\/frank-brushes.com\\\/en\\\/?s={search_term_string}\"},\"query-input\":{\"@type\":\"PropertyValueSpecification\",\"valueRequired\":true,\"valueName\":\"search_term_string\"}}],\"inLanguage\":\"en-US\"},{\"@type\":\"Organization\",\"@id\":\"https:\\\/\\\/frank-brushes.com\\\/en\\\/#organization\",\"name\":\"Frank B\u00fcrsten GmbH\",\"url\":\"https:\\\/\\\/frank-brushes.com\\\/en\\\/\",\"logo\":{\"@type\":\"ImageObject\",\"inLanguage\":\"en-US\",\"@id\":\"https:\\\/\\\/frank-brushes.com\\\/en\\\/#\\\/schema\\\/logo\\\/image\\\/\",\"url\":\"https:\\\/\\\/frank-brushes.com\\\/wp-content\\\/uploads\\\/2025\\\/07\\\/logo.png\",\"contentUrl\":\"https:\\\/\\\/frank-brushes.com\\\/wp-content\\\/uploads\\\/2025\\\/07\\\/logo.png\",\"width\":200,\"height\":70,\"caption\":\"Frank B\u00fcrsten GmbH\"},\"image\":{\"@id\":\"https:\\\/\\\/frank-brushes.com\\\/en\\\/#\\\/schema\\\/logo\\\/image\\\/\"}}]}<\/script>\n<!-- \/ Yoast SEO plugin. -->","yoast_head_json":{"title":"Travel Clothes Brush - Chic & Clean Midi L Frank B\u00fcrsten","description":"Chic & Clean Midi is a travel clothes brush with black and white synthetic bristles. It is ideal as an advertising brush. Watch now!","robots":{"index":"index","follow":"follow","max-snippet":"max-snippet:-1","max-image-preview":"max-image-preview:large","max-video-preview":"max-video-preview:-1"},"canonical":"https:\/\/frank-brushes.com\/en\/produkt\/506-chic-clean-midi\/","og_locale":"en_US","og_type":"article","og_title":"Travel Clothes Brush - Chic & Clean Midi L Frank B\u00fcrsten","og_description":"Chic & Clean Midi is a travel clothes brush with black and white synthetic bristles. It is ideal as an advertising brush. Watch now!","og_url":"https:\/\/frank-brushes.com\/en\/produkt\/506-chic-clean-midi\/","og_site_name":"Frank B&uuml;rsten - shoe care brushes from Germany","og_image":[{"width":649,"height":720,"url":"https:\/\/frank-brushes.com\/wp-content\/uploads\/2025\/07\/5061-2.jpg","type":"image\/jpeg"}],"twitter_card":"summary_large_image","schema":{"@context":"https:\/\/schema.org","@graph":[{"@type":"WebPage","@id":"https:\/\/frank-brushes.com\/en\/produkt\/506-chic-clean-midi\/","url":"https:\/\/frank-brushes.com\/en\/produkt\/506-chic-clean-midi\/","name":"Travel Clothes Brush - Chic & Clean Midi L Frank B\u00fcrsten","isPartOf":{"@id":"https:\/\/frank-brushes.com\/en\/#website"},"primaryImageOfPage":{"@id":"https:\/\/frank-brushes.com\/en\/produkt\/506-chic-clean-midi\/#primaryimage"},"image":{"@id":"https:\/\/frank-brushes.com\/en\/produkt\/506-chic-clean-midi\/#primaryimage"},"thumbnailUrl":"https:\/\/frank-brushes.com\/wp-content\/uploads\/2025\/07\/5061-2.jpg","datePublished":"2025-07-30T10:00:42+00:00","description":"Chic & Clean Midi is a travel clothes brush with black and white synthetic bristles. It is ideal as an advertising brush. Watch now!","breadcrumb":{"@id":"https:\/\/frank-brushes.com\/en\/produkt\/506-chic-clean-midi\/#breadcrumb"},"inLanguage":"en-US","potentialAction":[{"@type":"ReadAction","target":["https:\/\/frank-brushes.com\/en\/produkt\/506-chic-clean-midi\/"]}]},{"@type":"ImageObject","inLanguage":"en-US","@id":"https:\/\/frank-brushes.com\/en\/produkt\/506-chic-clean-midi\/#primaryimage","url":"https:\/\/frank-brushes.com\/wp-content\/uploads\/2025\/07\/5061-2.jpg","contentUrl":"https:\/\/frank-brushes.com\/wp-content\/uploads\/2025\/07\/5061-2.jpg","width":649,"height":720,"caption":"Reisekleiderb\u00fcrste mit farblos lackiertem Holzk\u00f6rper und schwarz-wei\u00dfer synthetischer Borste"},{"@type":"BreadcrumbList","@id":"https:\/\/frank-brushes.com\/en\/produkt\/506-chic-clean-midi\/#breadcrumb","itemListElement":[{"@type":"ListItem","position":1,"name":"Startseite","item":"https:\/\/frank-brushes.com\/en\/"},{"@type":"ListItem","position":2,"name":"Products","item":"https:\/\/frank-brushes.com\/en\/wp-global-styles-extendable-8\/"},{"@type":"ListItem","position":3,"name":"#506 Chic &amp; Clean Midi"}]},{"@type":"WebSite","@id":"https:\/\/frank-brushes.com\/en\/#website","url":"https:\/\/frank-brushes.com\/en\/","name":"Frank B\u00fcrsten - shoe care brushes","description":"Brush up your life!","publisher":{"@id":"https:\/\/frank-brushes.com\/en\/#organization"},"potentialAction":[{"@type":"SearchAction","target":{"@type":"EntryPoint","urlTemplate":"https:\/\/frank-brushes.com\/en\/?s={search_term_string}"},"query-input":{"@type":"PropertyValueSpecification","valueRequired":true,"valueName":"search_term_string"}}],"inLanguage":"en-US"},{"@type":"Organization","@id":"https:\/\/frank-brushes.com\/en\/#organization","name":"Frank B\u00fcrsten GmbH","url":"https:\/\/frank-brushes.com\/en\/","logo":{"@type":"ImageObject","inLanguage":"en-US","@id":"https:\/\/frank-brushes.com\/en\/#\/schema\/logo\/image\/","url":"https:\/\/frank-brushes.com\/wp-content\/uploads\/2025\/07\/logo.png","contentUrl":"https:\/\/frank-brushes.com\/wp-content\/uploads\/2025\/07\/logo.png","width":200,"height":70,"caption":"Frank B\u00fcrsten GmbH"},"image":{"@id":"https:\/\/frank-brushes.com\/en\/#\/schema\/logo\/image\/"}}]}},"_links":{"self":[{"href":"https:\/\/frank-brushes.com\/en\/wp-json\/wp\/v2\/product\/5600","targetHints":{"allow":["GET"]}}],"collection":[{"href":"https:\/\/frank-brushes.com\/en\/wp-json\/wp\/v2\/product"}],"about":[{"href":"https:\/\/frank-brushes.com\/en\/wp-json\/wp\/v2\/types\/product"}],"wp:featuredmedia":[{"embeddable":true,"href":"https:\/\/frank-brushes.com\/en\/wp-json\/wp\/v2\/media\/4072"}],"wp:attachment":[{"href":"https:\/\/frank-brushes.com\/en\/wp-json\/wp\/v2\/media?parent=5600"}],"wp:term":[{"taxonomy":"product_brand","embeddable":true,"href":"https:\/\/frank-brushes.com\/en\/wp-json\/wp\/v2\/product_brand?post=5600"},{"taxonomy":"product_cat","embeddable":true,"href":"https:\/\/frank-brushes.com\/en\/wp-json\/wp\/v2\/product_cat?post=5600"},{"taxonomy":"product_tag","embeddable":true,"href":"https:\/\/frank-brushes.com\/en\/wp-json\/wp\/v2\/product_tag?post=5600"}],"curies":[{"name":"wp","href":"https:\/\/api.w.org\/{rel}","templated":true}]}}