{"id":3669,"date":"2025-07-30T10:14:31","date_gmt":"2025-07-30T10:14:31","guid":{"rendered":"https:\/\/frank-brushes.com\/?post_type=product&#038;p=3669"},"modified":"2025-08-05T14:39:11","modified_gmt":"2025-08-05T14:39:11","slug":"chic-clean-great-reisekleiderbuerste","status":"publish","type":"product","link":"https:\/\/frank-brushes.com\/fr\/produkt\/chic-clean-great-reisekleiderbuerste\/","title":{"rendered":"#508 Chic &#038; Clean Great"},"content":{"rendered":"<p><b>Reisekleiderb&uuml;rste<\/b><\/p><p><strong>Form:<\/strong>&nbsp; &nbsp; &nbsp; Holzk&ouml;rper<\/p><p><strong>Gr&ouml;&szlig;e:&nbsp;<\/strong>&nbsp; &nbsp; 135 x 41 mm<\/p>\n","protected":false},"excerpt":{"rendered":"<p>Reisekleiderb\u00fcrste<\/p>\n","protected":false},"featured_media":3705,"template":"","meta":{"_acf_changed":false,"site-sidebar-layout":"default","site-content-layout":"","ast-site-content-layout":"default","site-content-style":"default","site-sidebar-style":"default","ast-global-header-display":"","ast-banner-title-visibility":"","ast-main-header-display":"","ast-hfb-above-header-display":"","ast-hfb-below-header-display":"","ast-hfb-mobile-header-display":"","site-post-title":"","ast-breadcrumbs-content":"","ast-featured-img":"","footer-sml-layout":"","ast-disable-related-posts":"","theme-transparent-header-meta":"default","adv-header-id-meta":"","stick-header-meta":"","header-above-stick-meta":"","header-main-stick-meta":"","header-below-stick-meta":"","astra-migrate-meta-layouts":"set","ast-page-background-enabled":"default","ast-page-background-meta":{"desktop":{"background-color":"var(--ast-global-color-5)","background-image":"","background-repeat":"repeat","background-position":"center center","background-size":"auto","background-attachment":"scroll","background-type":"","background-media":"","overlay-type":"","overlay-color":"","overlay-opacity":"","overlay-gradient":""},"tablet":{"background-color":"","background-image":"","background-repeat":"repeat","background-position":"center center","background-size":"auto","background-attachment":"scroll","background-type":"","background-media":"","overlay-type":"","overlay-color":"","overlay-opacity":"","overlay-gradient":""},"mobile":{"background-color":"","background-image":"","background-repeat":"repeat","background-position":"center center","background-size":"auto","background-attachment":"scroll","background-type":"","background-media":"","overlay-type":"","overlay-color":"","overlay-opacity":"","overlay-gradient":""}},"ast-content-background-meta":{"desktop":{"background-color":"var(--ast-global-color-4)","background-image":"","background-repeat":"repeat","background-position":"center center","background-size":"auto","background-attachment":"scroll","background-type":"","background-media":"","overlay-type":"","overlay-color":"","overlay-opacity":"","overlay-gradient":""},"tablet":{"background-color":"var(--ast-global-color-4)","background-image":"","background-repeat":"repeat","background-position":"center center","background-size":"auto","background-attachment":"scroll","background-type":"","background-media":"","overlay-type":"","overlay-color":"","overlay-opacity":"","overlay-gradient":""},"mobile":{"background-color":"var(--ast-global-color-4)","background-image":"","background-repeat":"repeat","background-position":"center center","background-size":"auto","background-attachment":"scroll","background-type":"","background-media":"","overlay-type":"","overlay-color":"","overlay-opacity":"","overlay-gradient":""}}},"product_brand":[],"product_cat":[82],"product_tag":[355,351,353,350,352,354,349,338,74],"class_list":{"0":"post-3669","1":"product","2":"type-product","3":"status-publish","4":"has-post-thumbnail","6":"product_cat-kleiderbuersten","7":"product_tag-355","8":"product_tag-bekleidungsgeschaefte","9":"product_tag-chic-clean-great","10":"product_tag-hotels","11":"product_tag-politische-parteien","12":"product_tag-reisekleiderbuerste","13":"product_tag-tourismus","14":"product_tag-versicherung","15":"product_tag-werbebuerste","16":"desktop-align-left","17":"tablet-align-left","18":"mobile-align-left","20":"first","21":"instock","22":"shipping-taxable","23":"product-type-simple"},"acf":[],"yoast_head":"<!-- This site is optimized with the Yoast SEO plugin v27.4 - https:\/\/yoast.com\/product\/yoast-seo-wordpress\/ -->\n<title>Reisekleiderb\u00fcrste - Chic &amp; Clean Great l Frank B\u00fcrsten<\/title>\n<meta name=\"description\" content=\"Chic &amp; Clean Great ist eine Reiskleiderb\u00fcrste mit schwarz-wei\u00dfer synthetischen Borste. Sie eignet sich optimal als Werbeb\u00fcrste. Jetzt ansehen!\" \/>\n<meta name=\"robots\" content=\"index, follow, max-snippet:-1, max-image-preview:large, max-video-preview:-1\" \/>\n<link rel=\"canonical\" href=\"https:\/\/frank-brushes.com\/fr\/produkt\/chic-clean-great-reisekleiderbuerste\/\" \/>\n<meta property=\"og:locale\" content=\"fr_FR\" \/>\n<meta property=\"og:type\" content=\"article\" \/>\n<meta property=\"og:title\" content=\"Reisekleiderb\u00fcrste - Chic &amp; Clean Great l Frank B\u00fcrsten\" \/>\n<meta property=\"og:description\" content=\"Chic &amp; Clean Great ist eine Reiskleiderb\u00fcrste mit schwarz-wei\u00dfer synthetischen Borste. Sie eignet sich optimal als Werbeb\u00fcrste. Jetzt ansehen!\" \/>\n<meta property=\"og:url\" content=\"https:\/\/frank-brushes.com\/fr\/produkt\/chic-clean-great-reisekleiderbuerste\/\" \/>\n<meta property=\"og:site_name\" content=\"Frank B&uuml;rsten - shoe care brushes from Germany\" \/>\n<meta property=\"article:modified_time\" content=\"2025-08-05T14:39:11+00:00\" \/>\n<meta property=\"og:image\" content=\"https:\/\/frank-brushes.com\/wp-content\/uploads\/2025\/07\/Reisekeiderbuerste-gro-e1753971724949.png\" \/>\n\t<meta property=\"og:image:width\" content=\"1427\" \/>\n\t<meta property=\"og:image:height\" content=\"1427\" \/>\n\t<meta property=\"og:image:type\" content=\"image\/png\" \/>\n<meta name=\"twitter:card\" content=\"summary_large_image\" \/>\n<meta name=\"twitter:label1\" content=\"Dur\u00e9e de lecture estim\u00e9e\" \/>\n\t<meta name=\"twitter:data1\" content=\"1 minute\" \/>\n<script type=\"application\/ld+json\" class=\"yoast-schema-graph\">{\"@context\":\"https:\\\/\\\/schema.org\",\"@graph\":[{\"@type\":\"WebPage\",\"@id\":\"https:\\\/\\\/frank-brushes.com\\\/fr\\\/produkt\\\/chic-clean-great-reisekleiderbuerste\\\/\",\"url\":\"https:\\\/\\\/frank-brushes.com\\\/fr\\\/produkt\\\/chic-clean-great-reisekleiderbuerste\\\/\",\"name\":\"Reisekleiderb\u00fcrste - Chic & Clean Great l Frank B\u00fcrsten\",\"isPartOf\":{\"@id\":\"https:\\\/\\\/frank-brushes.com\\\/fr\\\/#website\"},\"primaryImageOfPage\":{\"@id\":\"https:\\\/\\\/frank-brushes.com\\\/fr\\\/produkt\\\/chic-clean-great-reisekleiderbuerste\\\/#primaryimage\"},\"image\":{\"@id\":\"https:\\\/\\\/frank-brushes.com\\\/fr\\\/produkt\\\/chic-clean-great-reisekleiderbuerste\\\/#primaryimage\"},\"thumbnailUrl\":\"https:\\\/\\\/frank-brushes.com\\\/wp-content\\\/uploads\\\/2025\\\/07\\\/Reisekeiderbuerste-gro-e1753971724949.png\",\"datePublished\":\"2025-07-30T10:14:31+00:00\",\"dateModified\":\"2025-08-05T14:39:11+00:00\",\"description\":\"Chic & Clean Great ist eine Reiskleiderb\u00fcrste mit schwarz-wei\u00dfer synthetischen Borste. Sie eignet sich optimal als Werbeb\u00fcrste. Jetzt ansehen!\",\"breadcrumb\":{\"@id\":\"https:\\\/\\\/frank-brushes.com\\\/fr\\\/produkt\\\/chic-clean-great-reisekleiderbuerste\\\/#breadcrumb\"},\"inLanguage\":\"fr-FR\",\"potentialAction\":[{\"@type\":\"ReadAction\",\"target\":[\"https:\\\/\\\/frank-brushes.com\\\/fr\\\/produkt\\\/chic-clean-great-reisekleiderbuerste\\\/\"]}]},{\"@type\":\"ImageObject\",\"inLanguage\":\"fr-FR\",\"@id\":\"https:\\\/\\\/frank-brushes.com\\\/fr\\\/produkt\\\/chic-clean-great-reisekleiderbuerste\\\/#primaryimage\",\"url\":\"https:\\\/\\\/frank-brushes.com\\\/wp-content\\\/uploads\\\/2025\\\/07\\\/Reisekeiderbuerste-gro-e1753971724949.png\",\"contentUrl\":\"https:\\\/\\\/frank-brushes.com\\\/wp-content\\\/uploads\\\/2025\\\/07\\\/Reisekeiderbuerste-gro-e1753971724949.png\",\"width\":1427,\"height\":1427,\"caption\":\"Reisekleiderb\u00fcrste farblos lackiert mit schwarz-wei\u00dfer synthetischen Besteckung\"},{\"@type\":\"BreadcrumbList\",\"@id\":\"https:\\\/\\\/frank-brushes.com\\\/fr\\\/produkt\\\/chic-clean-great-reisekleiderbuerste\\\/#breadcrumb\",\"itemListElement\":[{\"@type\":\"ListItem\",\"position\":1,\"name\":\"Startseite\",\"item\":\"https:\\\/\\\/frank-brushes.com\\\/fr\\\/startseite\\\/\"},{\"@type\":\"ListItem\",\"position\":2,\"name\":\"Produits\",\"item\":\"https:\\\/\\\/frank-brushes.com\\\/fr\\\/wp-global-styles-extendable-8\\\/\"},{\"@type\":\"ListItem\",\"position\":3,\"name\":\"#508 Chic &#038; Clean Great\"}]},{\"@type\":\"WebSite\",\"@id\":\"https:\\\/\\\/frank-brushes.com\\\/fr\\\/#website\",\"url\":\"https:\\\/\\\/frank-brushes.com\\\/fr\\\/\",\"name\":\"Frank B\u00fcrsten - shoe care brushes\",\"description\":\"Brush up your life!\",\"publisher\":{\"@id\":\"https:\\\/\\\/frank-brushes.com\\\/fr\\\/#organization\"},\"potentialAction\":[{\"@type\":\"SearchAction\",\"target\":{\"@type\":\"EntryPoint\",\"urlTemplate\":\"https:\\\/\\\/frank-brushes.com\\\/fr\\\/?s={search_term_string}\"},\"query-input\":{\"@type\":\"PropertyValueSpecification\",\"valueRequired\":true,\"valueName\":\"search_term_string\"}}],\"inLanguage\":\"fr-FR\"},{\"@type\":\"Organization\",\"@id\":\"https:\\\/\\\/frank-brushes.com\\\/fr\\\/#organization\",\"name\":\"Frank B\u00fcrsten GmbH\",\"url\":\"https:\\\/\\\/frank-brushes.com\\\/fr\\\/\",\"logo\":{\"@type\":\"ImageObject\",\"inLanguage\":\"fr-FR\",\"@id\":\"https:\\\/\\\/frank-brushes.com\\\/fr\\\/#\\\/schema\\\/logo\\\/image\\\/\",\"url\":\"https:\\\/\\\/frank-brushes.com\\\/wp-content\\\/uploads\\\/2025\\\/07\\\/logo.png\",\"contentUrl\":\"https:\\\/\\\/frank-brushes.com\\\/wp-content\\\/uploads\\\/2025\\\/07\\\/logo.png\",\"width\":200,\"height\":70,\"caption\":\"Frank B\u00fcrsten GmbH\"},\"image\":{\"@id\":\"https:\\\/\\\/frank-brushes.com\\\/fr\\\/#\\\/schema\\\/logo\\\/image\\\/\"}}]}<\/script>\n<!-- \/ Yoast SEO plugin. -->","yoast_head_json":{"title":"Reisekleiderb\u00fcrste - Chic & Clean Great l Frank B\u00fcrsten","description":"Chic & Clean Great ist eine Reiskleiderb\u00fcrste mit schwarz-wei\u00dfer synthetischen Borste. Sie eignet sich optimal als Werbeb\u00fcrste. Jetzt ansehen!","robots":{"index":"index","follow":"follow","max-snippet":"max-snippet:-1","max-image-preview":"max-image-preview:large","max-video-preview":"max-video-preview:-1"},"canonical":"https:\/\/frank-brushes.com\/fr\/produkt\/chic-clean-great-reisekleiderbuerste\/","og_locale":"fr_FR","og_type":"article","og_title":"Reisekleiderb\u00fcrste - Chic & Clean Great l Frank B\u00fcrsten","og_description":"Chic & Clean Great ist eine Reiskleiderb\u00fcrste mit schwarz-wei\u00dfer synthetischen Borste. Sie eignet sich optimal als Werbeb\u00fcrste. Jetzt ansehen!","og_url":"https:\/\/frank-brushes.com\/fr\/produkt\/chic-clean-great-reisekleiderbuerste\/","og_site_name":"Frank B&uuml;rsten - shoe care brushes from Germany","article_modified_time":"2025-08-05T14:39:11+00:00","og_image":[{"width":1427,"height":1427,"url":"https:\/\/frank-brushes.com\/wp-content\/uploads\/2025\/07\/Reisekeiderbuerste-gro-e1753971724949.png","type":"image\/png"}],"twitter_card":"summary_large_image","twitter_misc":{"Dur\u00e9e de lecture estim\u00e9e":"1 minute"},"schema":{"@context":"https:\/\/schema.org","@graph":[{"@type":"WebPage","@id":"https:\/\/frank-brushes.com\/fr\/produkt\/chic-clean-great-reisekleiderbuerste\/","url":"https:\/\/frank-brushes.com\/fr\/produkt\/chic-clean-great-reisekleiderbuerste\/","name":"Reisekleiderb\u00fcrste - Chic & Clean Great l Frank B\u00fcrsten","isPartOf":{"@id":"https:\/\/frank-brushes.com\/fr\/#website"},"primaryImageOfPage":{"@id":"https:\/\/frank-brushes.com\/fr\/produkt\/chic-clean-great-reisekleiderbuerste\/#primaryimage"},"image":{"@id":"https:\/\/frank-brushes.com\/fr\/produkt\/chic-clean-great-reisekleiderbuerste\/#primaryimage"},"thumbnailUrl":"https:\/\/frank-brushes.com\/wp-content\/uploads\/2025\/07\/Reisekeiderbuerste-gro-e1753971724949.png","datePublished":"2025-07-30T10:14:31+00:00","dateModified":"2025-08-05T14:39:11+00:00","description":"Chic & Clean Great ist eine Reiskleiderb\u00fcrste mit schwarz-wei\u00dfer synthetischen Borste. Sie eignet sich optimal als Werbeb\u00fcrste. Jetzt ansehen!","breadcrumb":{"@id":"https:\/\/frank-brushes.com\/fr\/produkt\/chic-clean-great-reisekleiderbuerste\/#breadcrumb"},"inLanguage":"fr-FR","potentialAction":[{"@type":"ReadAction","target":["https:\/\/frank-brushes.com\/fr\/produkt\/chic-clean-great-reisekleiderbuerste\/"]}]},{"@type":"ImageObject","inLanguage":"fr-FR","@id":"https:\/\/frank-brushes.com\/fr\/produkt\/chic-clean-great-reisekleiderbuerste\/#primaryimage","url":"https:\/\/frank-brushes.com\/wp-content\/uploads\/2025\/07\/Reisekeiderbuerste-gro-e1753971724949.png","contentUrl":"https:\/\/frank-brushes.com\/wp-content\/uploads\/2025\/07\/Reisekeiderbuerste-gro-e1753971724949.png","width":1427,"height":1427,"caption":"Reisekleiderb\u00fcrste farblos lackiert mit schwarz-wei\u00dfer synthetischen Besteckung"},{"@type":"BreadcrumbList","@id":"https:\/\/frank-brushes.com\/fr\/produkt\/chic-clean-great-reisekleiderbuerste\/#breadcrumb","itemListElement":[{"@type":"ListItem","position":1,"name":"Startseite","item":"https:\/\/frank-brushes.com\/fr\/startseite\/"},{"@type":"ListItem","position":2,"name":"Produits","item":"https:\/\/frank-brushes.com\/fr\/wp-global-styles-extendable-8\/"},{"@type":"ListItem","position":3,"name":"#508 Chic &#038; Clean Great"}]},{"@type":"WebSite","@id":"https:\/\/frank-brushes.com\/fr\/#website","url":"https:\/\/frank-brushes.com\/fr\/","name":"Frank B\u00fcrsten - shoe care brushes","description":"Brush up your life!","publisher":{"@id":"https:\/\/frank-brushes.com\/fr\/#organization"},"potentialAction":[{"@type":"SearchAction","target":{"@type":"EntryPoint","urlTemplate":"https:\/\/frank-brushes.com\/fr\/?s={search_term_string}"},"query-input":{"@type":"PropertyValueSpecification","valueRequired":true,"valueName":"search_term_string"}}],"inLanguage":"fr-FR"},{"@type":"Organization","@id":"https:\/\/frank-brushes.com\/fr\/#organization","name":"Frank B\u00fcrsten GmbH","url":"https:\/\/frank-brushes.com\/fr\/","logo":{"@type":"ImageObject","inLanguage":"fr-FR","@id":"https:\/\/frank-brushes.com\/fr\/#\/schema\/logo\/image\/","url":"https:\/\/frank-brushes.com\/wp-content\/uploads\/2025\/07\/logo.png","contentUrl":"https:\/\/frank-brushes.com\/wp-content\/uploads\/2025\/07\/logo.png","width":200,"height":70,"caption":"Frank B\u00fcrsten GmbH"},"image":{"@id":"https:\/\/frank-brushes.com\/fr\/#\/schema\/logo\/image\/"}}]}},"_links":{"self":[{"href":"https:\/\/frank-brushes.com\/fr\/wp-json\/wp\/v2\/product\/3669","targetHints":{"allow":["GET"]}}],"collection":[{"href":"https:\/\/frank-brushes.com\/fr\/wp-json\/wp\/v2\/product"}],"about":[{"href":"https:\/\/frank-brushes.com\/fr\/wp-json\/wp\/v2\/types\/product"}],"wp:featuredmedia":[{"embeddable":true,"href":"https:\/\/frank-brushes.com\/fr\/wp-json\/wp\/v2\/media\/3705"}],"wp:attachment":[{"href":"https:\/\/frank-brushes.com\/fr\/wp-json\/wp\/v2\/media?parent=3669"}],"wp:term":[{"taxonomy":"product_brand","embeddable":true,"href":"https:\/\/frank-brushes.com\/fr\/wp-json\/wp\/v2\/product_brand?post=3669"},{"taxonomy":"product_cat","embeddable":true,"href":"https:\/\/frank-brushes.com\/fr\/wp-json\/wp\/v2\/product_cat?post=3669"},{"taxonomy":"product_tag","embeddable":true,"href":"https:\/\/frank-brushes.com\/fr\/wp-json\/wp\/v2\/product_tag?post=3669"}],"curies":[{"name":"wp","href":"https:\/\/api.w.org\/{rel}","templated":true}]}}