{"id":4268,"date":"2025-08-04T07:11:52","date_gmt":"2025-08-04T07:11:52","guid":{"rendered":"https:\/\/frank-brushes.com\/?post_type=product&#038;p=4268"},"modified":"2026-03-12T12:27:55","modified_gmt":"2026-03-12T12:27:55","slug":"schuhpflege-set-in-runder-dose-spotlight","status":"publish","type":"product","link":"https:\/\/frank-brushes.com\/fr\/produkt\/schuhpflege-set-in-runder-dose-spotlight\/","title":{"rendered":"#450 Spotlight"},"content":{"rendered":"<p><b>Schuhpflege-Set in runder Dose<\/b><\/p><p><strong>Form:<\/strong>&nbsp; &nbsp; &nbsp; runde Blechdose mit St&uuml;lpdeckel, Alu-Optik matt<\/p><p><strong>Gr&ouml;&szlig;e:&nbsp; &nbsp; <\/strong>&Oslash; 110 mm, H&ouml;he 85 mm<\/p>\n","protected":false},"excerpt":{"rendered":"<p>Schuhpflege-Set in runder Dose<\/p>\n","protected":false},"featured_media":4295,"template":"","meta":{"_acf_changed":false,"site-sidebar-layout":"default","site-content-layout":"","ast-site-content-layout":"default","site-content-style":"default","site-sidebar-style":"default","ast-global-header-display":"","ast-banner-title-visibility":"","ast-main-header-display":"","ast-hfb-above-header-display":"","ast-hfb-below-header-display":"","ast-hfb-mobile-header-display":"","site-post-title":"","ast-breadcrumbs-content":"","ast-featured-img":"","footer-sml-layout":"","ast-disable-related-posts":"","theme-transparent-header-meta":"default","adv-header-id-meta":"","stick-header-meta":"","header-above-stick-meta":"","header-main-stick-meta":"","header-below-stick-meta":"","astra-migrate-meta-layouts":"set","ast-page-background-enabled":"default","ast-page-background-meta":{"desktop":{"background-color":"var(--ast-global-color-5)","background-image":"","background-repeat":"repeat","background-position":"center center","background-size":"auto","background-attachment":"scroll","background-type":"","background-media":"","overlay-type":"","overlay-color":"","overlay-opacity":"","overlay-gradient":""},"tablet":{"background-color":"","background-image":"","background-repeat":"repeat","background-position":"center center","background-size":"auto","background-attachment":"scroll","background-type":"","background-media":"","overlay-type":"","overlay-color":"","overlay-opacity":"","overlay-gradient":""},"mobile":{"background-color":"","background-image":"","background-repeat":"repeat","background-position":"center center","background-size":"auto","background-attachment":"scroll","background-type":"","background-media":"","overlay-type":"","overlay-color":"","overlay-opacity":"","overlay-gradient":""}},"ast-content-background-meta":{"desktop":{"background-color":"var(--ast-global-color-4)","background-image":"","background-repeat":"repeat","background-position":"center center","background-size":"auto","background-attachment":"scroll","background-type":"","background-media":"","overlay-type":"","overlay-color":"","overlay-opacity":"","overlay-gradient":""},"tablet":{"background-color":"var(--ast-global-color-4)","background-image":"","background-repeat":"repeat","background-position":"center center","background-size":"auto","background-attachment":"scroll","background-type":"","background-media":"","overlay-type":"","overlay-color":"","overlay-opacity":"","overlay-gradient":""},"mobile":{"background-color":"var(--ast-global-color-4)","background-image":"","background-repeat":"repeat","background-position":"center center","background-size":"auto","background-attachment":"scroll","background-type":"","background-media":"","overlay-type":"","overlay-color":"","overlay-opacity":"","overlay-gradient":""}}},"product_brand":[],"product_cat":[83],"product_tag":[457,69,75,459,458,415,74],"class_list":{"0":"post-4268","1":"product","2":"type-product","3":"status-publish","4":"has-post-thumbnail","6":"product_cat-schuhpflege-sets","7":"product_tag-457","8":"product_tag-glanzbuerste","9":"product_tag-schuhbuersten","10":"product_tag-schuhpflege-set-in-runder-dose","11":"product_tag-spotlight","12":"product_tag-tiegelbuerste","13":"product_tag-werbebuerste","14":"desktop-align-left","15":"tablet-align-left","16":"mobile-align-left","18":"first","19":"instock","20":"shipping-taxable","21":"product-type-simple"},"acf":[],"yoast_head":"<!-- This site is optimized with the Yoast SEO plugin v27.4 - https:\/\/yoast.com\/product\/yoast-seo-wordpress\/ -->\n<title>Schuhpflege-Set in runder Dose - Spotlight l Frank B\u00fcrsten<\/title>\n<meta name=\"description\" content=\"Spotlight ist ein Schuhpflege-Set in runder Blechdose mit St\u00fclpdeckel und Alu-Optik. Es eignet sich optimal als Werbegeschenk. Jetzt ansehen!\" \/>\n<meta name=\"robots\" content=\"index, follow, max-snippet:-1, max-image-preview:large, max-video-preview:-1\" \/>\n<link rel=\"canonical\" href=\"https:\/\/frank-brushes.com\/fr\/produkt\/schuhpflege-set-in-runder-dose-spotlight\/\" \/>\n<meta property=\"og:locale\" content=\"fr_FR\" \/>\n<meta property=\"og:type\" content=\"article\" \/>\n<meta property=\"og:title\" content=\"Schuhpflege-Set in runder Dose - Spotlight l Frank B\u00fcrsten\" \/>\n<meta property=\"og:description\" content=\"Spotlight ist ein Schuhpflege-Set in runder Blechdose mit St\u00fclpdeckel und Alu-Optik. Es eignet sich optimal als Werbegeschenk. Jetzt ansehen!\" \/>\n<meta property=\"og:url\" content=\"https:\/\/frank-brushes.com\/fr\/produkt\/schuhpflege-set-in-runder-dose-spotlight\/\" \/>\n<meta property=\"og:site_name\" content=\"Frank B&uuml;rsten - shoe care brushes from Germany\" \/>\n<meta property=\"article:modified_time\" content=\"2026-03-12T12:27:55+00:00\" \/>\n<meta property=\"og:image\" content=\"https:\/\/frank-brushes.com\/wp-content\/uploads\/2025\/08\/450WF.jpg\" \/>\n\t<meta property=\"og:image:width\" content=\"2362\" \/>\n\t<meta property=\"og:image:height\" content=\"2400\" \/>\n\t<meta property=\"og:image:type\" content=\"image\/jpeg\" \/>\n<meta name=\"twitter:card\" content=\"summary_large_image\" \/>\n<meta name=\"twitter:label1\" content=\"Dur\u00e9e de lecture estim\u00e9e\" \/>\n\t<meta name=\"twitter:data1\" content=\"1 minute\" \/>\n<script type=\"application\/ld+json\" class=\"yoast-schema-graph\">{\"@context\":\"https:\\\/\\\/schema.org\",\"@graph\":[{\"@type\":\"WebPage\",\"@id\":\"https:\\\/\\\/frank-brushes.com\\\/fr\\\/produkt\\\/schuhpflege-set-in-runder-dose-spotlight\\\/\",\"url\":\"https:\\\/\\\/frank-brushes.com\\\/fr\\\/produkt\\\/schuhpflege-set-in-runder-dose-spotlight\\\/\",\"name\":\"Schuhpflege-Set in runder Dose - Spotlight l Frank B\u00fcrsten\",\"isPartOf\":{\"@id\":\"https:\\\/\\\/frank-brushes.com\\\/fr\\\/#website\"},\"primaryImageOfPage\":{\"@id\":\"https:\\\/\\\/frank-brushes.com\\\/fr\\\/produkt\\\/schuhpflege-set-in-runder-dose-spotlight\\\/#primaryimage\"},\"image\":{\"@id\":\"https:\\\/\\\/frank-brushes.com\\\/fr\\\/produkt\\\/schuhpflege-set-in-runder-dose-spotlight\\\/#primaryimage\"},\"thumbnailUrl\":\"https:\\\/\\\/frank-brushes.com\\\/wp-content\\\/uploads\\\/2025\\\/08\\\/450WF.jpg\",\"datePublished\":\"2025-08-04T07:11:52+00:00\",\"dateModified\":\"2026-03-12T12:27:55+00:00\",\"description\":\"Spotlight ist ein Schuhpflege-Set in runder Blechdose mit St\u00fclpdeckel und Alu-Optik. Es eignet sich optimal als Werbegeschenk. Jetzt ansehen!\",\"breadcrumb\":{\"@id\":\"https:\\\/\\\/frank-brushes.com\\\/fr\\\/produkt\\\/schuhpflege-set-in-runder-dose-spotlight\\\/#breadcrumb\"},\"inLanguage\":\"fr-FR\",\"potentialAction\":[{\"@type\":\"ReadAction\",\"target\":[\"https:\\\/\\\/frank-brushes.com\\\/fr\\\/produkt\\\/schuhpflege-set-in-runder-dose-spotlight\\\/\"]}]},{\"@type\":\"ImageObject\",\"inLanguage\":\"fr-FR\",\"@id\":\"https:\\\/\\\/frank-brushes.com\\\/fr\\\/produkt\\\/schuhpflege-set-in-runder-dose-spotlight\\\/#primaryimage\",\"url\":\"https:\\\/\\\/frank-brushes.com\\\/wp-content\\\/uploads\\\/2025\\\/08\\\/450WF.jpg\",\"contentUrl\":\"https:\\\/\\\/frank-brushes.com\\\/wp-content\\\/uploads\\\/2025\\\/08\\\/450WF.jpg\",\"width\":2362,\"height\":2400,\"caption\":\"Spotlight, Schuhpflege-Set in runder Blechdose mit St\u00fclpdeckel, beinhaltet Glanzb\u00fcrste, Tiegelb\u00fcrste, Glastiegel, Poliertuch,\"},{\"@type\":\"BreadcrumbList\",\"@id\":\"https:\\\/\\\/frank-brushes.com\\\/fr\\\/produkt\\\/schuhpflege-set-in-runder-dose-spotlight\\\/#breadcrumb\",\"itemListElement\":[{\"@type\":\"ListItem\",\"position\":1,\"name\":\"Startseite\",\"item\":\"https:\\\/\\\/frank-brushes.com\\\/fr\\\/startseite\\\/\"},{\"@type\":\"ListItem\",\"position\":2,\"name\":\"Produits\",\"item\":\"https:\\\/\\\/frank-brushes.com\\\/fr\\\/wp-global-styles-extendable-8\\\/\"},{\"@type\":\"ListItem\",\"position\":3,\"name\":\"#450 Spotlight\"}]},{\"@type\":\"WebSite\",\"@id\":\"https:\\\/\\\/frank-brushes.com\\\/fr\\\/#website\",\"url\":\"https:\\\/\\\/frank-brushes.com\\\/fr\\\/\",\"name\":\"Frank B\u00fcrsten - shoe care brushes\",\"description\":\"Brush up your life!\",\"publisher\":{\"@id\":\"https:\\\/\\\/frank-brushes.com\\\/fr\\\/#organization\"},\"potentialAction\":[{\"@type\":\"SearchAction\",\"target\":{\"@type\":\"EntryPoint\",\"urlTemplate\":\"https:\\\/\\\/frank-brushes.com\\\/fr\\\/?s={search_term_string}\"},\"query-input\":{\"@type\":\"PropertyValueSpecification\",\"valueRequired\":true,\"valueName\":\"search_term_string\"}}],\"inLanguage\":\"fr-FR\"},{\"@type\":\"Organization\",\"@id\":\"https:\\\/\\\/frank-brushes.com\\\/fr\\\/#organization\",\"name\":\"Frank B\u00fcrsten GmbH\",\"url\":\"https:\\\/\\\/frank-brushes.com\\\/fr\\\/\",\"logo\":{\"@type\":\"ImageObject\",\"inLanguage\":\"fr-FR\",\"@id\":\"https:\\\/\\\/frank-brushes.com\\\/fr\\\/#\\\/schema\\\/logo\\\/image\\\/\",\"url\":\"https:\\\/\\\/frank-brushes.com\\\/wp-content\\\/uploads\\\/2025\\\/07\\\/logo.png\",\"contentUrl\":\"https:\\\/\\\/frank-brushes.com\\\/wp-content\\\/uploads\\\/2025\\\/07\\\/logo.png\",\"width\":200,\"height\":70,\"caption\":\"Frank B\u00fcrsten GmbH\"},\"image\":{\"@id\":\"https:\\\/\\\/frank-brushes.com\\\/fr\\\/#\\\/schema\\\/logo\\\/image\\\/\"}}]}<\/script>\n<!-- \/ Yoast SEO plugin. -->","yoast_head_json":{"title":"Schuhpflege-Set in runder Dose - Spotlight l Frank B\u00fcrsten","description":"Spotlight ist ein Schuhpflege-Set in runder Blechdose mit St\u00fclpdeckel und Alu-Optik. Es eignet sich optimal als Werbegeschenk. Jetzt ansehen!","robots":{"index":"index","follow":"follow","max-snippet":"max-snippet:-1","max-image-preview":"max-image-preview:large","max-video-preview":"max-video-preview:-1"},"canonical":"https:\/\/frank-brushes.com\/fr\/produkt\/schuhpflege-set-in-runder-dose-spotlight\/","og_locale":"fr_FR","og_type":"article","og_title":"Schuhpflege-Set in runder Dose - Spotlight l Frank B\u00fcrsten","og_description":"Spotlight ist ein Schuhpflege-Set in runder Blechdose mit St\u00fclpdeckel und Alu-Optik. Es eignet sich optimal als Werbegeschenk. Jetzt ansehen!","og_url":"https:\/\/frank-brushes.com\/fr\/produkt\/schuhpflege-set-in-runder-dose-spotlight\/","og_site_name":"Frank B&uuml;rsten - shoe care brushes from Germany","article_modified_time":"2026-03-12T12:27:55+00:00","og_image":[{"width":2362,"height":2400,"url":"https:\/\/frank-brushes.com\/wp-content\/uploads\/2025\/08\/450WF.jpg","type":"image\/jpeg"}],"twitter_card":"summary_large_image","twitter_misc":{"Dur\u00e9e de lecture estim\u00e9e":"1 minute"},"schema":{"@context":"https:\/\/schema.org","@graph":[{"@type":"WebPage","@id":"https:\/\/frank-brushes.com\/fr\/produkt\/schuhpflege-set-in-runder-dose-spotlight\/","url":"https:\/\/frank-brushes.com\/fr\/produkt\/schuhpflege-set-in-runder-dose-spotlight\/","name":"Schuhpflege-Set in runder Dose - Spotlight l Frank B\u00fcrsten","isPartOf":{"@id":"https:\/\/frank-brushes.com\/fr\/#website"},"primaryImageOfPage":{"@id":"https:\/\/frank-brushes.com\/fr\/produkt\/schuhpflege-set-in-runder-dose-spotlight\/#primaryimage"},"image":{"@id":"https:\/\/frank-brushes.com\/fr\/produkt\/schuhpflege-set-in-runder-dose-spotlight\/#primaryimage"},"thumbnailUrl":"https:\/\/frank-brushes.com\/wp-content\/uploads\/2025\/08\/450WF.jpg","datePublished":"2025-08-04T07:11:52+00:00","dateModified":"2026-03-12T12:27:55+00:00","description":"Spotlight ist ein Schuhpflege-Set in runder Blechdose mit St\u00fclpdeckel und Alu-Optik. Es eignet sich optimal als Werbegeschenk. Jetzt ansehen!","breadcrumb":{"@id":"https:\/\/frank-brushes.com\/fr\/produkt\/schuhpflege-set-in-runder-dose-spotlight\/#breadcrumb"},"inLanguage":"fr-FR","potentialAction":[{"@type":"ReadAction","target":["https:\/\/frank-brushes.com\/fr\/produkt\/schuhpflege-set-in-runder-dose-spotlight\/"]}]},{"@type":"ImageObject","inLanguage":"fr-FR","@id":"https:\/\/frank-brushes.com\/fr\/produkt\/schuhpflege-set-in-runder-dose-spotlight\/#primaryimage","url":"https:\/\/frank-brushes.com\/wp-content\/uploads\/2025\/08\/450WF.jpg","contentUrl":"https:\/\/frank-brushes.com\/wp-content\/uploads\/2025\/08\/450WF.jpg","width":2362,"height":2400,"caption":"Spotlight, Schuhpflege-Set in runder Blechdose mit St\u00fclpdeckel, beinhaltet Glanzb\u00fcrste, Tiegelb\u00fcrste, Glastiegel, Poliertuch,"},{"@type":"BreadcrumbList","@id":"https:\/\/frank-brushes.com\/fr\/produkt\/schuhpflege-set-in-runder-dose-spotlight\/#breadcrumb","itemListElement":[{"@type":"ListItem","position":1,"name":"Startseite","item":"https:\/\/frank-brushes.com\/fr\/startseite\/"},{"@type":"ListItem","position":2,"name":"Produits","item":"https:\/\/frank-brushes.com\/fr\/wp-global-styles-extendable-8\/"},{"@type":"ListItem","position":3,"name":"#450 Spotlight"}]},{"@type":"WebSite","@id":"https:\/\/frank-brushes.com\/fr\/#website","url":"https:\/\/frank-brushes.com\/fr\/","name":"Frank B\u00fcrsten - shoe care brushes","description":"Brush up your life!","publisher":{"@id":"https:\/\/frank-brushes.com\/fr\/#organization"},"potentialAction":[{"@type":"SearchAction","target":{"@type":"EntryPoint","urlTemplate":"https:\/\/frank-brushes.com\/fr\/?s={search_term_string}"},"query-input":{"@type":"PropertyValueSpecification","valueRequired":true,"valueName":"search_term_string"}}],"inLanguage":"fr-FR"},{"@type":"Organization","@id":"https:\/\/frank-brushes.com\/fr\/#organization","name":"Frank B\u00fcrsten GmbH","url":"https:\/\/frank-brushes.com\/fr\/","logo":{"@type":"ImageObject","inLanguage":"fr-FR","@id":"https:\/\/frank-brushes.com\/fr\/#\/schema\/logo\/image\/","url":"https:\/\/frank-brushes.com\/wp-content\/uploads\/2025\/07\/logo.png","contentUrl":"https:\/\/frank-brushes.com\/wp-content\/uploads\/2025\/07\/logo.png","width":200,"height":70,"caption":"Frank B\u00fcrsten GmbH"},"image":{"@id":"https:\/\/frank-brushes.com\/fr\/#\/schema\/logo\/image\/"}}]}},"_links":{"self":[{"href":"https:\/\/frank-brushes.com\/fr\/wp-json\/wp\/v2\/product\/4268","targetHints":{"allow":["GET"]}}],"collection":[{"href":"https:\/\/frank-brushes.com\/fr\/wp-json\/wp\/v2\/product"}],"about":[{"href":"https:\/\/frank-brushes.com\/fr\/wp-json\/wp\/v2\/types\/product"}],"wp:featuredmedia":[{"embeddable":true,"href":"https:\/\/frank-brushes.com\/fr\/wp-json\/wp\/v2\/media\/4295"}],"wp:attachment":[{"href":"https:\/\/frank-brushes.com\/fr\/wp-json\/wp\/v2\/media?parent=4268"}],"wp:term":[{"taxonomy":"product_brand","embeddable":true,"href":"https:\/\/frank-brushes.com\/fr\/wp-json\/wp\/v2\/product_brand?post=4268"},{"taxonomy":"product_cat","embeddable":true,"href":"https:\/\/frank-brushes.com\/fr\/wp-json\/wp\/v2\/product_cat?post=4268"},{"taxonomy":"product_tag","embeddable":true,"href":"https:\/\/frank-brushes.com\/fr\/wp-json\/wp\/v2\/product_tag?post=4268"}],"curies":[{"name":"wp","href":"https:\/\/api.w.org\/{rel}","templated":true}]}}