{"id":5531,"date":"2025-08-25T06:39:39","date_gmt":"2025-08-25T06:39:39","guid":{"rendered":"https:\/\/frank-brushes.com\/?post_type=product&#038;p=5531"},"modified":"2026-04-08T09:01:12","modified_gmt":"2026-04-08T09:01:12","slug":"111-time-out-charmer","status":"publish","type":"product","link":"https:\/\/frank-brushes.com\/fr\/produkt\/111-time-out-charmer\/","title":{"rendered":"#111 Time-Out Charmer"},"content":{"rendered":"<p><b>Massageb&uuml;rste oval<\/b><\/p><p><strong>Form: <\/strong>Holzk&ouml;rper oval, rundherum abgerundet, Naturholz unlackiert<\/p><p><strong>Gr&ouml;&szlig;e:&nbsp; <\/strong>135 x 70 mm<\/p>\n","protected":false},"excerpt":{"rendered":"<p>Massageb\u00fcrste oval<\/p>\n","protected":false},"featured_media":3632,"template":"","meta":{"_acf_changed":false,"site-sidebar-layout":"default","site-content-layout":"","ast-site-content-layout":"default","site-content-style":"default","site-sidebar-style":"default","ast-global-header-display":"","ast-banner-title-visibility":"","ast-main-header-display":"","ast-hfb-above-header-display":"","ast-hfb-below-header-display":"","ast-hfb-mobile-header-display":"","site-post-title":"","ast-breadcrumbs-content":"","ast-featured-img":"","footer-sml-layout":"","ast-disable-related-posts":"","theme-transparent-header-meta":"default","adv-header-id-meta":"","stick-header-meta":"","header-above-stick-meta":"","header-main-stick-meta":"","header-below-stick-meta":"","astra-migrate-meta-layouts":"set","ast-page-background-enabled":"default","ast-page-background-meta":{"desktop":{"background-color":"var(--ast-global-color-5)","background-image":"","background-repeat":"repeat","background-position":"center center","background-size":"auto","background-attachment":"scroll","background-type":"","background-media":"","overlay-type":"","overlay-color":"","overlay-opacity":"","overlay-gradient":""},"tablet":{"background-color":"","background-image":"","background-repeat":"repeat","background-position":"center center","background-size":"auto","background-attachment":"scroll","background-type":"","background-media":"","overlay-type":"","overlay-color":"","overlay-opacity":"","overlay-gradient":""},"mobile":{"background-color":"","background-image":"","background-repeat":"repeat","background-position":"center center","background-size":"auto","background-attachment":"scroll","background-type":"","background-media":"","overlay-type":"","overlay-color":"","overlay-opacity":"","overlay-gradient":""}},"ast-content-background-meta":{"desktop":{"background-color":"var(--ast-global-color-4)","background-image":"","background-repeat":"repeat","background-position":"center center","background-size":"auto","background-attachment":"scroll","background-type":"","background-media":"","overlay-type":"","overlay-color":"","overlay-opacity":"","overlay-gradient":""},"tablet":{"background-color":"var(--ast-global-color-4)","background-image":"","background-repeat":"repeat","background-position":"center center","background-size":"auto","background-attachment":"scroll","background-type":"","background-media":"","overlay-type":"","overlay-color":"","overlay-opacity":"","overlay-gradient":""},"mobile":{"background-color":"var(--ast-global-color-4)","background-image":"","background-repeat":"repeat","background-position":"center center","background-size":"auto","background-attachment":"scroll","background-type":"","background-media":"","overlay-type":"","overlay-color":"","overlay-opacity":"","overlay-gradient":""}}},"product_brand":[73],"product_cat":[84],"product_tag":[301,77,326,300,302,325,74],"class_list":{"0":"post-5531","1":"product","2":"type-product","3":"status-publish","4":"has-post-thumbnail","6":"product_brand-werbebuersten","7":"product_cat-massagebuersten","8":"product_tag-301","9":"product_tag-massage-und-wellnessbuerste","10":"product_tag-mittelharte-borsten","11":"product_tag-oval","12":"product_tag-time-out-charmer","13":"product_tag-weiche-borsten","14":"product_tag-werbebuerste","15":"desktop-align-left","16":"tablet-align-left","17":"mobile-align-left","19":"first","20":"instock","21":"shipping-taxable","22":"product-type-simple"},"acf":[],"yoast_head":"<!-- This site is optimized with the Yoast SEO plugin v27.4 - https:\/\/yoast.com\/product\/yoast-seo-wordpress\/ -->\n<title>Massageb\u00fcrste oval - Time-out Charmer | Frank B\u00fcrsten<\/title>\n<meta name=\"description\" content=\"Time-Out Charmer Massageb\u00fcrste oval mit Naturfaser oder -borste. Mit Handschlaufe oder Stiel erh\u00e4ltlich, perfekt f\u00fcr die B\u00fcrstenmassage. Jetzt ansehen!\" \/>\n<meta name=\"robots\" content=\"index, follow, max-snippet:-1, max-image-preview:large, max-video-preview:-1\" \/>\n<link rel=\"canonical\" href=\"https:\/\/frank-brushes.com\/fr\/produkt\/111-time-out-charmer\/\" \/>\n<meta property=\"og:locale\" content=\"fr_FR\" \/>\n<meta property=\"og:type\" content=\"article\" \/>\n<meta property=\"og:title\" content=\"Massageb\u00fcrste oval - Time-out Charmer | Frank B\u00fcrsten\" \/>\n<meta property=\"og:description\" content=\"Time-Out Charmer Massageb\u00fcrste oval mit Naturfaser oder -borste. Mit Handschlaufe oder Stiel erh\u00e4ltlich, perfekt f\u00fcr die B\u00fcrstenmassage. Jetzt ansehen!\" \/>\n<meta property=\"og:url\" content=\"https:\/\/frank-brushes.com\/fr\/produkt\/111-time-out-charmer\/\" \/>\n<meta property=\"og:site_name\" content=\"Frank B&uuml;rsten - shoe care brushes from Germany\" \/>\n<meta property=\"article:modified_time\" content=\"2026-04-08T09:01:12+00:00\" \/>\n<meta property=\"og:image\" content=\"https:\/\/frank-brushes.com\/wp-content\/uploads\/2025\/07\/Massagebuerste-oval-Time-Out-Charmer-Naturborsten-1-e1753770104985.png\" \/>\n\t<meta property=\"og:image:width\" content=\"720\" \/>\n\t<meta property=\"og:image:height\" content=\"720\" \/>\n\t<meta property=\"og:image:type\" content=\"image\/png\" \/>\n<meta name=\"twitter:card\" content=\"summary_large_image\" \/>\n<meta name=\"twitter:label1\" content=\"Dur\u00e9e de lecture estim\u00e9e\" \/>\n\t<meta name=\"twitter:data1\" content=\"1 minute\" \/>\n<script type=\"application\/ld+json\" class=\"yoast-schema-graph\">{\"@context\":\"https:\\\/\\\/schema.org\",\"@graph\":[{\"@type\":\"WebPage\",\"@id\":\"https:\\\/\\\/frank-brushes.com\\\/fr\\\/produkt\\\/111-time-out-charmer\\\/\",\"url\":\"https:\\\/\\\/frank-brushes.com\\\/fr\\\/produkt\\\/111-time-out-charmer\\\/\",\"name\":\"Massageb\u00fcrste oval - Time-out Charmer | Frank B\u00fcrsten\",\"isPartOf\":{\"@id\":\"https:\\\/\\\/frank-brushes.com\\\/fr\\\/#website\"},\"primaryImageOfPage\":{\"@id\":\"https:\\\/\\\/frank-brushes.com\\\/fr\\\/produkt\\\/111-time-out-charmer\\\/#primaryimage\"},\"image\":{\"@id\":\"https:\\\/\\\/frank-brushes.com\\\/fr\\\/produkt\\\/111-time-out-charmer\\\/#primaryimage\"},\"thumbnailUrl\":\"https:\\\/\\\/frank-brushes.com\\\/wp-content\\\/uploads\\\/2025\\\/07\\\/Massagebuerste-oval-Time-Out-Charmer-Naturborsten-1-e1753770104985.png\",\"datePublished\":\"2025-08-25T06:39:39+00:00\",\"dateModified\":\"2026-04-08T09:01:12+00:00\",\"description\":\"Time-Out Charmer Massageb\u00fcrste oval mit Naturfaser oder -borste. Mit Handschlaufe oder Stiel erh\u00e4ltlich, perfekt f\u00fcr die B\u00fcrstenmassage. Jetzt ansehen!\",\"breadcrumb\":{\"@id\":\"https:\\\/\\\/frank-brushes.com\\\/fr\\\/produkt\\\/111-time-out-charmer\\\/#breadcrumb\"},\"inLanguage\":\"fr-FR\",\"potentialAction\":[{\"@type\":\"ReadAction\",\"target\":[\"https:\\\/\\\/frank-brushes.com\\\/fr\\\/produkt\\\/111-time-out-charmer\\\/\"]}]},{\"@type\":\"ImageObject\",\"inLanguage\":\"fr-FR\",\"@id\":\"https:\\\/\\\/frank-brushes.com\\\/fr\\\/produkt\\\/111-time-out-charmer\\\/#primaryimage\",\"url\":\"https:\\\/\\\/frank-brushes.com\\\/wp-content\\\/uploads\\\/2025\\\/07\\\/Massagebuerste-oval-Time-Out-Charmer-Naturborsten-1-e1753770104985.png\",\"contentUrl\":\"https:\\\/\\\/frank-brushes.com\\\/wp-content\\\/uploads\\\/2025\\\/07\\\/Massagebuerste-oval-Time-Out-Charmer-Naturborsten-1-e1753770104985.png\",\"width\":720,\"height\":720,\"caption\":\"Massageb\u00fcrste mit Naturborsten und ergonomischer Handschlaufe f\u00fcr die Hautpflege.\"},{\"@type\":\"BreadcrumbList\",\"@id\":\"https:\\\/\\\/frank-brushes.com\\\/fr\\\/produkt\\\/111-time-out-charmer\\\/#breadcrumb\",\"itemListElement\":[{\"@type\":\"ListItem\",\"position\":1,\"name\":\"Startseite\",\"item\":\"https:\\\/\\\/frank-brushes.com\\\/fr\\\/startseite\\\/\"},{\"@type\":\"ListItem\",\"position\":2,\"name\":\"Produits\",\"item\":\"https:\\\/\\\/frank-brushes.com\\\/fr\\\/wp-global-styles-extendable-8\\\/\"},{\"@type\":\"ListItem\",\"position\":3,\"name\":\"#111 Time-Out Charmer\"}]},{\"@type\":\"WebSite\",\"@id\":\"https:\\\/\\\/frank-brushes.com\\\/fr\\\/#website\",\"url\":\"https:\\\/\\\/frank-brushes.com\\\/fr\\\/\",\"name\":\"Frank B\u00fcrsten - shoe care brushes\",\"description\":\"Brush up your life!\",\"publisher\":{\"@id\":\"https:\\\/\\\/frank-brushes.com\\\/fr\\\/#organization\"},\"potentialAction\":[{\"@type\":\"SearchAction\",\"target\":{\"@type\":\"EntryPoint\",\"urlTemplate\":\"https:\\\/\\\/frank-brushes.com\\\/fr\\\/?s={search_term_string}\"},\"query-input\":{\"@type\":\"PropertyValueSpecification\",\"valueRequired\":true,\"valueName\":\"search_term_string\"}}],\"inLanguage\":\"fr-FR\"},{\"@type\":\"Organization\",\"@id\":\"https:\\\/\\\/frank-brushes.com\\\/fr\\\/#organization\",\"name\":\"Frank B\u00fcrsten GmbH\",\"url\":\"https:\\\/\\\/frank-brushes.com\\\/fr\\\/\",\"logo\":{\"@type\":\"ImageObject\",\"inLanguage\":\"fr-FR\",\"@id\":\"https:\\\/\\\/frank-brushes.com\\\/fr\\\/#\\\/schema\\\/logo\\\/image\\\/\",\"url\":\"https:\\\/\\\/frank-brushes.com\\\/wp-content\\\/uploads\\\/2025\\\/07\\\/logo.png\",\"contentUrl\":\"https:\\\/\\\/frank-brushes.com\\\/wp-content\\\/uploads\\\/2025\\\/07\\\/logo.png\",\"width\":200,\"height\":70,\"caption\":\"Frank B\u00fcrsten GmbH\"},\"image\":{\"@id\":\"https:\\\/\\\/frank-brushes.com\\\/fr\\\/#\\\/schema\\\/logo\\\/image\\\/\"}}]}<\/script>\n<!-- \/ Yoast SEO plugin. -->","yoast_head_json":{"title":"Massageb\u00fcrste oval - Time-out Charmer | Frank B\u00fcrsten","description":"Time-Out Charmer Massageb\u00fcrste oval mit Naturfaser oder -borste. Mit Handschlaufe oder Stiel erh\u00e4ltlich, perfekt f\u00fcr die B\u00fcrstenmassage. Jetzt ansehen!","robots":{"index":"index","follow":"follow","max-snippet":"max-snippet:-1","max-image-preview":"max-image-preview:large","max-video-preview":"max-video-preview:-1"},"canonical":"https:\/\/frank-brushes.com\/fr\/produkt\/111-time-out-charmer\/","og_locale":"fr_FR","og_type":"article","og_title":"Massageb\u00fcrste oval - Time-out Charmer | Frank B\u00fcrsten","og_description":"Time-Out Charmer Massageb\u00fcrste oval mit Naturfaser oder -borste. Mit Handschlaufe oder Stiel erh\u00e4ltlich, perfekt f\u00fcr die B\u00fcrstenmassage. Jetzt ansehen!","og_url":"https:\/\/frank-brushes.com\/fr\/produkt\/111-time-out-charmer\/","og_site_name":"Frank B&uuml;rsten - shoe care brushes from Germany","article_modified_time":"2026-04-08T09:01:12+00:00","og_image":[{"width":720,"height":720,"url":"https:\/\/frank-brushes.com\/wp-content\/uploads\/2025\/07\/Massagebuerste-oval-Time-Out-Charmer-Naturborsten-1-e1753770104985.png","type":"image\/png"}],"twitter_card":"summary_large_image","twitter_misc":{"Dur\u00e9e de lecture estim\u00e9e":"1 minute"},"schema":{"@context":"https:\/\/schema.org","@graph":[{"@type":"WebPage","@id":"https:\/\/frank-brushes.com\/fr\/produkt\/111-time-out-charmer\/","url":"https:\/\/frank-brushes.com\/fr\/produkt\/111-time-out-charmer\/","name":"Massageb\u00fcrste oval - Time-out Charmer | Frank B\u00fcrsten","isPartOf":{"@id":"https:\/\/frank-brushes.com\/fr\/#website"},"primaryImageOfPage":{"@id":"https:\/\/frank-brushes.com\/fr\/produkt\/111-time-out-charmer\/#primaryimage"},"image":{"@id":"https:\/\/frank-brushes.com\/fr\/produkt\/111-time-out-charmer\/#primaryimage"},"thumbnailUrl":"https:\/\/frank-brushes.com\/wp-content\/uploads\/2025\/07\/Massagebuerste-oval-Time-Out-Charmer-Naturborsten-1-e1753770104985.png","datePublished":"2025-08-25T06:39:39+00:00","dateModified":"2026-04-08T09:01:12+00:00","description":"Time-Out Charmer Massageb\u00fcrste oval mit Naturfaser oder -borste. Mit Handschlaufe oder Stiel erh\u00e4ltlich, perfekt f\u00fcr die B\u00fcrstenmassage. Jetzt ansehen!","breadcrumb":{"@id":"https:\/\/frank-brushes.com\/fr\/produkt\/111-time-out-charmer\/#breadcrumb"},"inLanguage":"fr-FR","potentialAction":[{"@type":"ReadAction","target":["https:\/\/frank-brushes.com\/fr\/produkt\/111-time-out-charmer\/"]}]},{"@type":"ImageObject","inLanguage":"fr-FR","@id":"https:\/\/frank-brushes.com\/fr\/produkt\/111-time-out-charmer\/#primaryimage","url":"https:\/\/frank-brushes.com\/wp-content\/uploads\/2025\/07\/Massagebuerste-oval-Time-Out-Charmer-Naturborsten-1-e1753770104985.png","contentUrl":"https:\/\/frank-brushes.com\/wp-content\/uploads\/2025\/07\/Massagebuerste-oval-Time-Out-Charmer-Naturborsten-1-e1753770104985.png","width":720,"height":720,"caption":"Massageb\u00fcrste mit Naturborsten und ergonomischer Handschlaufe f\u00fcr die Hautpflege."},{"@type":"BreadcrumbList","@id":"https:\/\/frank-brushes.com\/fr\/produkt\/111-time-out-charmer\/#breadcrumb","itemListElement":[{"@type":"ListItem","position":1,"name":"Startseite","item":"https:\/\/frank-brushes.com\/fr\/startseite\/"},{"@type":"ListItem","position":2,"name":"Produits","item":"https:\/\/frank-brushes.com\/fr\/wp-global-styles-extendable-8\/"},{"@type":"ListItem","position":3,"name":"#111 Time-Out Charmer"}]},{"@type":"WebSite","@id":"https:\/\/frank-brushes.com\/fr\/#website","url":"https:\/\/frank-brushes.com\/fr\/","name":"Frank B\u00fcrsten - shoe care brushes","description":"Brush up your life!","publisher":{"@id":"https:\/\/frank-brushes.com\/fr\/#organization"},"potentialAction":[{"@type":"SearchAction","target":{"@type":"EntryPoint","urlTemplate":"https:\/\/frank-brushes.com\/fr\/?s={search_term_string}"},"query-input":{"@type":"PropertyValueSpecification","valueRequired":true,"valueName":"search_term_string"}}],"inLanguage":"fr-FR"},{"@type":"Organization","@id":"https:\/\/frank-brushes.com\/fr\/#organization","name":"Frank B\u00fcrsten GmbH","url":"https:\/\/frank-brushes.com\/fr\/","logo":{"@type":"ImageObject","inLanguage":"fr-FR","@id":"https:\/\/frank-brushes.com\/fr\/#\/schema\/logo\/image\/","url":"https:\/\/frank-brushes.com\/wp-content\/uploads\/2025\/07\/logo.png","contentUrl":"https:\/\/frank-brushes.com\/wp-content\/uploads\/2025\/07\/logo.png","width":200,"height":70,"caption":"Frank B\u00fcrsten GmbH"},"image":{"@id":"https:\/\/frank-brushes.com\/fr\/#\/schema\/logo\/image\/"}}]}},"_links":{"self":[{"href":"https:\/\/frank-brushes.com\/fr\/wp-json\/wp\/v2\/product\/5531","targetHints":{"allow":["GET"]}}],"collection":[{"href":"https:\/\/frank-brushes.com\/fr\/wp-json\/wp\/v2\/product"}],"about":[{"href":"https:\/\/frank-brushes.com\/fr\/wp-json\/wp\/v2\/types\/product"}],"wp:featuredmedia":[{"embeddable":true,"href":"https:\/\/frank-brushes.com\/fr\/wp-json\/wp\/v2\/media\/3632"}],"wp:attachment":[{"href":"https:\/\/frank-brushes.com\/fr\/wp-json\/wp\/v2\/media?parent=5531"}],"wp:term":[{"taxonomy":"product_brand","embeddable":true,"href":"https:\/\/frank-brushes.com\/fr\/wp-json\/wp\/v2\/product_brand?post=5531"},{"taxonomy":"product_cat","embeddable":true,"href":"https:\/\/frank-brushes.com\/fr\/wp-json\/wp\/v2\/product_cat?post=5531"},{"taxonomy":"product_tag","embeddable":true,"href":"https:\/\/frank-brushes.com\/fr\/wp-json\/wp\/v2\/product_tag?post=5531"}],"curies":[{"name":"wp","href":"https:\/\/api.w.org\/{rel}","templated":true}]}}