{"id":5592,"date":"2025-08-28T08:38:13","date_gmt":"2025-08-28T08:38:13","guid":{"rendered":"https:\/\/frank-brushes.com\/?post_type=product&#038;p=5592"},"modified":"2025-11-24T15:01:43","modified_gmt":"2025-11-24T15:01:43","slug":"11506-pretty-women","status":"publish","type":"product","link":"https:\/\/frank-brushes.com\/fr\/produkt\/11506-pretty-women\/","title":{"rendered":"#11506 Pretty Women"},"content":{"rendered":"<p><b>Nagelb&uuml;rste gro&szlig;<\/b><\/p><p><strong>Form:<\/strong>&nbsp; &nbsp; &nbsp; wei&szlig;er Kunststoffk&ouml;rper mit Griff<\/p><p><strong>Gr&ouml;&szlig;e:&nbsp;<\/strong>&nbsp; &nbsp;100 x 50 x 48 mm<\/p>\n","protected":false},"excerpt":{"rendered":"<p>Nagelb\u00fcrste gro\u00df<\/p>\n","protected":false},"featured_media":3686,"template":"","meta":{"_acf_changed":false,"site-sidebar-layout":"default","site-content-layout":"","ast-site-content-layout":"default","site-content-style":"default","site-sidebar-style":"default","ast-global-header-display":"","ast-banner-title-visibility":"","ast-main-header-display":"","ast-hfb-above-header-display":"","ast-hfb-below-header-display":"","ast-hfb-mobile-header-display":"","site-post-title":"","ast-breadcrumbs-content":"","ast-featured-img":"","footer-sml-layout":"","ast-disable-related-posts":"","theme-transparent-header-meta":"default","adv-header-id-meta":"","stick-header-meta":"","header-above-stick-meta":"","header-main-stick-meta":"","header-below-stick-meta":"","astra-migrate-meta-layouts":"set","ast-page-background-enabled":"default","ast-page-background-meta":{"desktop":{"background-color":"var(--ast-global-color-5)","background-image":"","background-repeat":"repeat","background-position":"center center","background-size":"auto","background-attachment":"scroll","background-type":"","background-media":"","overlay-type":"","overlay-color":"","overlay-opacity":"","overlay-gradient":""},"tablet":{"background-color":"","background-image":"","background-repeat":"repeat","background-position":"center center","background-size":"auto","background-attachment":"scroll","background-type":"","background-media":"","overlay-type":"","overlay-color":"","overlay-opacity":"","overlay-gradient":""},"mobile":{"background-color":"","background-image":"","background-repeat":"repeat","background-position":"center center","background-size":"auto","background-attachment":"scroll","background-type":"","background-media":"","overlay-type":"","overlay-color":"","overlay-opacity":"","overlay-gradient":""}},"ast-content-background-meta":{"desktop":{"background-color":"var(--ast-global-color-4)","background-image":"","background-repeat":"repeat","background-position":"center center","background-size":"auto","background-attachment":"scroll","background-type":"","background-media":"","overlay-type":"","overlay-color":"","overlay-opacity":"","overlay-gradient":""},"tablet":{"background-color":"var(--ast-global-color-4)","background-image":"","background-repeat":"repeat","background-position":"center center","background-size":"auto","background-attachment":"scroll","background-type":"","background-media":"","overlay-type":"","overlay-color":"","overlay-opacity":"","overlay-gradient":""},"mobile":{"background-color":"var(--ast-global-color-4)","background-image":"","background-repeat":"repeat","background-position":"center center","background-size":"auto","background-attachment":"scroll","background-type":"","background-media":"","overlay-type":"","overlay-color":"","overlay-opacity":"","overlay-gradient":""}}},"product_brand":[],"product_cat":[85,90],"product_tag":[317,77,316,315],"class_list":{"0":"post-5592","1":"product","2":"type-product","3":"status-publish","4":"has-post-thumbnail","6":"product_cat-koerperpflegebuersten","7":"product_cat-nagelbuersten","8":"product_tag-317","9":"product_tag-massage-und-wellnessbuerste","10":"product_tag-nagelbuerste-gross","11":"product_tag-pretty-women","12":"desktop-align-left","13":"tablet-align-left","14":"mobile-align-left","16":"first","17":"instock","18":"shipping-taxable","19":"product-type-simple"},"acf":[],"yoast_head":"<!-- This site is optimized with the Yoast SEO plugin v27.4 - https:\/\/yoast.com\/product\/yoast-seo-wordpress\/ -->\n<title>Gro\u00dfe Nagelb\u00fcrste - Pretty Women | Frank B\u00fcrsten<\/title>\n<meta name=\"description\" content=\"Die gro\u00dfe Nagelb\u00fcrste Pretty Women sorgt f\u00fcr gr\u00fcndliche Reinigung von H\u00e4nden und N\u00e4geln - ideal f\u00fcr den t\u00e4glichen Gebrauch. Jetzt ansehen!\" \/>\n<meta name=\"robots\" content=\"index, follow, max-snippet:-1, max-image-preview:large, max-video-preview:-1\" \/>\n<link rel=\"canonical\" href=\"https:\/\/frank-brushes.com\/fr\/produkt\/11506-pretty-women\/\" \/>\n<meta property=\"og:locale\" content=\"fr_FR\" \/>\n<meta property=\"og:type\" content=\"article\" \/>\n<meta property=\"og:title\" content=\"Gro\u00dfe Nagelb\u00fcrste - Pretty Women | Frank B\u00fcrsten\" \/>\n<meta property=\"og:description\" content=\"Die gro\u00dfe Nagelb\u00fcrste Pretty Women sorgt f\u00fcr gr\u00fcndliche Reinigung von H\u00e4nden und N\u00e4geln - ideal f\u00fcr den t\u00e4glichen Gebrauch. Jetzt ansehen!\" \/>\n<meta property=\"og:url\" content=\"https:\/\/frank-brushes.com\/fr\/produkt\/11506-pretty-women\/\" \/>\n<meta property=\"og:site_name\" content=\"Frank B&uuml;rsten - shoe care brushes from Germany\" \/>\n<meta property=\"article:modified_time\" content=\"2025-11-24T15:01:43+00:00\" \/>\n<meta property=\"og:image\" content=\"https:\/\/frank-brushes.com\/wp-content\/uploads\/2025\/07\/Grosse-Massagebuerste-Kunststoff-e1753967302796.jpg\" \/>\n\t<meta property=\"og:image:width\" content=\"920\" \/>\n\t<meta property=\"og:image:height\" content=\"927\" \/>\n\t<meta property=\"og:image:type\" content=\"image\/jpeg\" \/>\n<meta name=\"twitter:card\" content=\"summary_large_image\" \/>\n<meta name=\"twitter:label1\" content=\"Dur\u00e9e de lecture estim\u00e9e\" \/>\n\t<meta name=\"twitter:data1\" content=\"1 minute\" \/>\n<script type=\"application\/ld+json\" class=\"yoast-schema-graph\">{\"@context\":\"https:\\\/\\\/schema.org\",\"@graph\":[{\"@type\":\"WebPage\",\"@id\":\"https:\\\/\\\/frank-brushes.com\\\/fr\\\/produkt\\\/11506-pretty-women\\\/\",\"url\":\"https:\\\/\\\/frank-brushes.com\\\/fr\\\/produkt\\\/11506-pretty-women\\\/\",\"name\":\"Gro\u00dfe Nagelb\u00fcrste - Pretty Women | Frank B\u00fcrsten\",\"isPartOf\":{\"@id\":\"https:\\\/\\\/frank-brushes.com\\\/fr\\\/#website\"},\"primaryImageOfPage\":{\"@id\":\"https:\\\/\\\/frank-brushes.com\\\/fr\\\/produkt\\\/11506-pretty-women\\\/#primaryimage\"},\"image\":{\"@id\":\"https:\\\/\\\/frank-brushes.com\\\/fr\\\/produkt\\\/11506-pretty-women\\\/#primaryimage\"},\"thumbnailUrl\":\"https:\\\/\\\/frank-brushes.com\\\/wp-content\\\/uploads\\\/2025\\\/07\\\/Grosse-Massagebuerste-Kunststoff-e1753967302796.jpg\",\"datePublished\":\"2025-08-28T08:38:13+00:00\",\"dateModified\":\"2025-11-24T15:01:43+00:00\",\"description\":\"Die gro\u00dfe Nagelb\u00fcrste Pretty Women sorgt f\u00fcr gr\u00fcndliche Reinigung von H\u00e4nden und N\u00e4geln - ideal f\u00fcr den t\u00e4glichen Gebrauch. Jetzt ansehen!\",\"breadcrumb\":{\"@id\":\"https:\\\/\\\/frank-brushes.com\\\/fr\\\/produkt\\\/11506-pretty-women\\\/#breadcrumb\"},\"inLanguage\":\"fr-FR\",\"potentialAction\":[{\"@type\":\"ReadAction\",\"target\":[\"https:\\\/\\\/frank-brushes.com\\\/fr\\\/produkt\\\/11506-pretty-women\\\/\"]}]},{\"@type\":\"ImageObject\",\"inLanguage\":\"fr-FR\",\"@id\":\"https:\\\/\\\/frank-brushes.com\\\/fr\\\/produkt\\\/11506-pretty-women\\\/#primaryimage\",\"url\":\"https:\\\/\\\/frank-brushes.com\\\/wp-content\\\/uploads\\\/2025\\\/07\\\/Grosse-Massagebuerste-Kunststoff-e1753967302796.jpg\",\"contentUrl\":\"https:\\\/\\\/frank-brushes.com\\\/wp-content\\\/uploads\\\/2025\\\/07\\\/Grosse-Massagebuerste-Kunststoff-e1753967302796.jpg\",\"width\":920,\"height\":927,\"caption\":\"Nagelb\u00fcrste aus Kunststoff und transparenten Borsten.\"},{\"@type\":\"BreadcrumbList\",\"@id\":\"https:\\\/\\\/frank-brushes.com\\\/fr\\\/produkt\\\/11506-pretty-women\\\/#breadcrumb\",\"itemListElement\":[{\"@type\":\"ListItem\",\"position\":1,\"name\":\"Startseite\",\"item\":\"https:\\\/\\\/frank-brushes.com\\\/fr\\\/startseite\\\/\"},{\"@type\":\"ListItem\",\"position\":2,\"name\":\"Produits\",\"item\":\"https:\\\/\\\/frank-brushes.com\\\/fr\\\/wp-global-styles-extendable-8\\\/\"},{\"@type\":\"ListItem\",\"position\":3,\"name\":\"#11506 Pretty Women\"}]},{\"@type\":\"WebSite\",\"@id\":\"https:\\\/\\\/frank-brushes.com\\\/fr\\\/#website\",\"url\":\"https:\\\/\\\/frank-brushes.com\\\/fr\\\/\",\"name\":\"Frank B\u00fcrsten - shoe care brushes\",\"description\":\"Brush up your life!\",\"publisher\":{\"@id\":\"https:\\\/\\\/frank-brushes.com\\\/fr\\\/#organization\"},\"potentialAction\":[{\"@type\":\"SearchAction\",\"target\":{\"@type\":\"EntryPoint\",\"urlTemplate\":\"https:\\\/\\\/frank-brushes.com\\\/fr\\\/?s={search_term_string}\"},\"query-input\":{\"@type\":\"PropertyValueSpecification\",\"valueRequired\":true,\"valueName\":\"search_term_string\"}}],\"inLanguage\":\"fr-FR\"},{\"@type\":\"Organization\",\"@id\":\"https:\\\/\\\/frank-brushes.com\\\/fr\\\/#organization\",\"name\":\"Frank B\u00fcrsten GmbH\",\"url\":\"https:\\\/\\\/frank-brushes.com\\\/fr\\\/\",\"logo\":{\"@type\":\"ImageObject\",\"inLanguage\":\"fr-FR\",\"@id\":\"https:\\\/\\\/frank-brushes.com\\\/fr\\\/#\\\/schema\\\/logo\\\/image\\\/\",\"url\":\"https:\\\/\\\/frank-brushes.com\\\/wp-content\\\/uploads\\\/2025\\\/07\\\/logo.png\",\"contentUrl\":\"https:\\\/\\\/frank-brushes.com\\\/wp-content\\\/uploads\\\/2025\\\/07\\\/logo.png\",\"width\":200,\"height\":70,\"caption\":\"Frank B\u00fcrsten GmbH\"},\"image\":{\"@id\":\"https:\\\/\\\/frank-brushes.com\\\/fr\\\/#\\\/schema\\\/logo\\\/image\\\/\"}}]}<\/script>\n<!-- \/ Yoast SEO plugin. -->","yoast_head_json":{"title":"Gro\u00dfe Nagelb\u00fcrste - Pretty Women | Frank B\u00fcrsten","description":"Die gro\u00dfe Nagelb\u00fcrste Pretty Women sorgt f\u00fcr gr\u00fcndliche Reinigung von H\u00e4nden und N\u00e4geln - ideal f\u00fcr den t\u00e4glichen Gebrauch. Jetzt ansehen!","robots":{"index":"index","follow":"follow","max-snippet":"max-snippet:-1","max-image-preview":"max-image-preview:large","max-video-preview":"max-video-preview:-1"},"canonical":"https:\/\/frank-brushes.com\/fr\/produkt\/11506-pretty-women\/","og_locale":"fr_FR","og_type":"article","og_title":"Gro\u00dfe Nagelb\u00fcrste - Pretty Women | Frank B\u00fcrsten","og_description":"Die gro\u00dfe Nagelb\u00fcrste Pretty Women sorgt f\u00fcr gr\u00fcndliche Reinigung von H\u00e4nden und N\u00e4geln - ideal f\u00fcr den t\u00e4glichen Gebrauch. Jetzt ansehen!","og_url":"https:\/\/frank-brushes.com\/fr\/produkt\/11506-pretty-women\/","og_site_name":"Frank B&uuml;rsten - shoe care brushes from Germany","article_modified_time":"2025-11-24T15:01:43+00:00","og_image":[{"width":920,"height":927,"url":"https:\/\/frank-brushes.com\/wp-content\/uploads\/2025\/07\/Grosse-Massagebuerste-Kunststoff-e1753967302796.jpg","type":"image\/jpeg"}],"twitter_card":"summary_large_image","twitter_misc":{"Dur\u00e9e de lecture estim\u00e9e":"1 minute"},"schema":{"@context":"https:\/\/schema.org","@graph":[{"@type":"WebPage","@id":"https:\/\/frank-brushes.com\/fr\/produkt\/11506-pretty-women\/","url":"https:\/\/frank-brushes.com\/fr\/produkt\/11506-pretty-women\/","name":"Gro\u00dfe Nagelb\u00fcrste - Pretty Women | Frank B\u00fcrsten","isPartOf":{"@id":"https:\/\/frank-brushes.com\/fr\/#website"},"primaryImageOfPage":{"@id":"https:\/\/frank-brushes.com\/fr\/produkt\/11506-pretty-women\/#primaryimage"},"image":{"@id":"https:\/\/frank-brushes.com\/fr\/produkt\/11506-pretty-women\/#primaryimage"},"thumbnailUrl":"https:\/\/frank-brushes.com\/wp-content\/uploads\/2025\/07\/Grosse-Massagebuerste-Kunststoff-e1753967302796.jpg","datePublished":"2025-08-28T08:38:13+00:00","dateModified":"2025-11-24T15:01:43+00:00","description":"Die gro\u00dfe Nagelb\u00fcrste Pretty Women sorgt f\u00fcr gr\u00fcndliche Reinigung von H\u00e4nden und N\u00e4geln - ideal f\u00fcr den t\u00e4glichen Gebrauch. Jetzt ansehen!","breadcrumb":{"@id":"https:\/\/frank-brushes.com\/fr\/produkt\/11506-pretty-women\/#breadcrumb"},"inLanguage":"fr-FR","potentialAction":[{"@type":"ReadAction","target":["https:\/\/frank-brushes.com\/fr\/produkt\/11506-pretty-women\/"]}]},{"@type":"ImageObject","inLanguage":"fr-FR","@id":"https:\/\/frank-brushes.com\/fr\/produkt\/11506-pretty-women\/#primaryimage","url":"https:\/\/frank-brushes.com\/wp-content\/uploads\/2025\/07\/Grosse-Massagebuerste-Kunststoff-e1753967302796.jpg","contentUrl":"https:\/\/frank-brushes.com\/wp-content\/uploads\/2025\/07\/Grosse-Massagebuerste-Kunststoff-e1753967302796.jpg","width":920,"height":927,"caption":"Nagelb\u00fcrste aus Kunststoff und transparenten Borsten."},{"@type":"BreadcrumbList","@id":"https:\/\/frank-brushes.com\/fr\/produkt\/11506-pretty-women\/#breadcrumb","itemListElement":[{"@type":"ListItem","position":1,"name":"Startseite","item":"https:\/\/frank-brushes.com\/fr\/startseite\/"},{"@type":"ListItem","position":2,"name":"Produits","item":"https:\/\/frank-brushes.com\/fr\/wp-global-styles-extendable-8\/"},{"@type":"ListItem","position":3,"name":"#11506 Pretty Women"}]},{"@type":"WebSite","@id":"https:\/\/frank-brushes.com\/fr\/#website","url":"https:\/\/frank-brushes.com\/fr\/","name":"Frank B\u00fcrsten - shoe care brushes","description":"Brush up your life!","publisher":{"@id":"https:\/\/frank-brushes.com\/fr\/#organization"},"potentialAction":[{"@type":"SearchAction","target":{"@type":"EntryPoint","urlTemplate":"https:\/\/frank-brushes.com\/fr\/?s={search_term_string}"},"query-input":{"@type":"PropertyValueSpecification","valueRequired":true,"valueName":"search_term_string"}}],"inLanguage":"fr-FR"},{"@type":"Organization","@id":"https:\/\/frank-brushes.com\/fr\/#organization","name":"Frank B\u00fcrsten GmbH","url":"https:\/\/frank-brushes.com\/fr\/","logo":{"@type":"ImageObject","inLanguage":"fr-FR","@id":"https:\/\/frank-brushes.com\/fr\/#\/schema\/logo\/image\/","url":"https:\/\/frank-brushes.com\/wp-content\/uploads\/2025\/07\/logo.png","contentUrl":"https:\/\/frank-brushes.com\/wp-content\/uploads\/2025\/07\/logo.png","width":200,"height":70,"caption":"Frank B\u00fcrsten GmbH"},"image":{"@id":"https:\/\/frank-brushes.com\/fr\/#\/schema\/logo\/image\/"}}]}},"_links":{"self":[{"href":"https:\/\/frank-brushes.com\/fr\/wp-json\/wp\/v2\/product\/5592","targetHints":{"allow":["GET"]}}],"collection":[{"href":"https:\/\/frank-brushes.com\/fr\/wp-json\/wp\/v2\/product"}],"about":[{"href":"https:\/\/frank-brushes.com\/fr\/wp-json\/wp\/v2\/types\/product"}],"wp:featuredmedia":[{"embeddable":true,"href":"https:\/\/frank-brushes.com\/fr\/wp-json\/wp\/v2\/media\/3686"}],"wp:attachment":[{"href":"https:\/\/frank-brushes.com\/fr\/wp-json\/wp\/v2\/media?parent=5592"}],"wp:term":[{"taxonomy":"product_brand","embeddable":true,"href":"https:\/\/frank-brushes.com\/fr\/wp-json\/wp\/v2\/product_brand?post=5592"},{"taxonomy":"product_cat","embeddable":true,"href":"https:\/\/frank-brushes.com\/fr\/wp-json\/wp\/v2\/product_cat?post=5592"},{"taxonomy":"product_tag","embeddable":true,"href":"https:\/\/frank-brushes.com\/fr\/wp-json\/wp\/v2\/product_tag?post=5592"}],"curies":[{"name":"wp","href":"https:\/\/api.w.org\/{rel}","templated":true}]}}